{"id":18,"date":"2023-09-25T08:01:03","date_gmt":"2023-09-25T08:01:03","guid":{"rendered":"https:\/\/web4.rkinformatika.net\/sonsolesjimenezabogada\/?page_id=18"},"modified":"2023-11-02T09:10:29","modified_gmt":"2023-11-02T09:10:29","slug":"servicios","status":"publish","type":"page","link":"https:\/\/sonsolesjimenezabogada.com\/eu\/servicios\/","title":{"rendered":"Zerbitzuak"},"content":{"rendered":"<div data-elementor-type=\"wp-page\" data-elementor-id=\"18\" class=\"elementor elementor-18\" data-elementor-post-type=\"page\">\n\t\t\t\t\t\t<section class=\"elementor-section elementor-top-section elementor-element elementor-element-0298196 elementor-section-boxed elementor-section-height-default elementor-section-height-default\" data-id=\"0298196\" data-element_type=\"section\" data-e-type=\"section\" data-settings=\"{&quot;background_background&quot;:&quot;classic&quot;,&quot;shape_divider_bottom&quot;:&quot;tilt&quot;}\">\n\t\t\t\t\t\t\t<div class=\"elementor-background-overlay\"><\/div>\n\t\t\t\t\t\t<div class=\"elementor-shape elementor-shape-bottom\" aria-hidden=\"true\" data-negative=\"false\">\n\t\t\t<svg xmlns=\"http:\/\/www.w3.org\/2000\/svg\" viewbox=\"0 0 1000 100\" preserveaspectratio=\"none\">\n\t<path class=\"elementor-shape-fill\" d=\"M0,6V0h1000v100L0,6z\"\/>\n<\/svg>\t\t<\/div>\n\t\t\t\t\t<div class=\"elementor-container elementor-column-gap-default\">\n\t\t\t\t\t<div class=\"elementor-column elementor-col-100 elementor-top-column elementor-element elementor-element-05424b3\" data-id=\"05424b3\" data-element_type=\"column\" data-e-type=\"column\">\n\t\t\t<div class=\"elementor-widget-wrap elementor-element-populated\">\n\t\t\t\t\t\t<div class=\"elementor-element elementor-element-1113fa2 elementor-widget__width-initial elementor-widget elementor-widget-heading\" data-id=\"1113fa2\" data-element_type=\"widget\" data-e-type=\"widget\" data-widget_type=\"heading.default\">\n\t\t\t\t<div class=\"elementor-widget-container\">\n\t\t\t\t\t<h1 class=\"elementor-heading-title elementor-size-default\">Zerbitzuak<\/h1>\t\t\t\t<\/div>\n\t\t\t\t<\/div>\n\t\t\t\t\t<\/div>\n\t\t<\/div>\n\t\t\t\t\t<\/div>\n\t\t<\/section>\n\t\t\t\t<section class=\"elementor-section elementor-top-section elementor-element elementor-element-113a26b elementor-section-boxed elementor-section-height-default elementor-section-height-default\" data-id=\"113a26b\" data-element_type=\"section\" data-e-type=\"section\">\n\t\t\t\t\t\t<div class=\"elementor-container elementor-column-gap-default\">\n\t\t\t\t\t<div class=\"elementor-column elementor-col-50 elementor-top-column elementor-element elementor-element-7fd0962\" data-id=\"7fd0962\" data-element_type=\"column\" data-e-type=\"column\">\n\t\t\t<div class=\"elementor-widget-wrap elementor-element-populated\">\n\t\t\t\t\t\t<div class=\"elementor-element elementor-element-935f83f elementor-widget elementor-widget-heading\" data-id=\"935f83f\" data-element_type=\"widget\" data-e-type=\"widget\" data-widget_type=\"heading.default\">\n\t\t\t\t<div class=\"elementor-widget-container\">\n\t\t\t\t\t<h2 class=\"elementor-heading-title elementor-size-default\">Mis servicios<\/h2>\t\t\t\t<\/div>\n\t\t\t\t<\/div>\n\t\t\t\t<div class=\"elementor-element elementor-element-daa7806 elementor-widget elementor-widget-text-editor\" data-id=\"daa7806\" data-element_type=\"widget\" data-e-type=\"widget\" data-widget_type=\"text-editor.default\">\n\t\t\t\t<div class=\"elementor-widget-container\">\n\t\t\t\t\t\t\t\t\t<p>ASESORAMIENTO Y TRAMITES JUDICIALES Y ADMINISTRATIVOS EN ASUNTOS DE FAMILIA, HERENCIAS, PENAL, VIOLENCIA DE GENERO, PENAL MENORES, ARRENDAMIENTOS&#8230;<\/p><p>\u00a0<\/p>\t\t\t\t\t\t\t\t<\/div>\n\t\t\t\t<\/div>\n\t\t\t\t\t<\/div>\n\t\t<\/div>\n\t\t\t\t<div class=\"elementor-column elementor-col-50 elementor-top-column elementor-element elementor-element-7a657ed\" data-id=\"7a657ed\" data-element_type=\"column\" data-e-type=\"column\">\n\t\t\t<div class=\"elementor-widget-wrap elementor-element-populated\">\n\t\t\t\t\t\t<div class=\"elementor-element elementor-element-1364e6f elementor-widget__width-initial elementor-widget-mobile__width-initial elementor-widget elementor-widget-image\" data-id=\"1364e6f\" data-element_type=\"widget\" data-e-type=\"widget\" data-widget_type=\"image.default\">\n\t\t\t\t<div class=\"elementor-widget-container\">\n\t\t\t\t\t\t\t\t\t\t\t\t\t\t\t<img decoding=\"async\" src=\"https:\/\/sonsolesjimenezabogada.com\/wp-content\/uploads\/elementor\/thumbs\/image4-scaled-qdznegk5suh3bwh6x7xrj81o5jl9sai0r4qzpgxbhs.jpeg\" title=\"image4\" alt=\"image4\" loading=\"lazy\" \/>\t\t\t\t\t\t\t\t\t\t\t\t\t\t\t<\/div>\n\t\t\t\t<\/div>\n\t\t\t\t\t<\/div>\n\t\t<\/div>\n\t\t\t\t\t<\/div>\n\t\t<\/section>\n\t\t\t\t<section class=\"elementor-section elementor-top-section elementor-element elementor-element-ac3be90 elementor-section-boxed elementor-section-height-default elementor-section-height-default\" data-id=\"ac3be90\" data-element_type=\"section\" data-e-type=\"section\" data-settings=\"{&quot;background_background&quot;:&quot;classic&quot;,&quot;shape_divider_top&quot;:&quot;tilt&quot;,&quot;shape_divider_bottom&quot;:&quot;tilt&quot;}\">\n\t\t\t\t\t\t\t<div class=\"elementor-background-overlay\"><\/div>\n\t\t\t\t\t\t<div class=\"elementor-shape elementor-shape-top\" aria-hidden=\"true\" data-negative=\"false\">\n\t\t\t<svg xmlns=\"http:\/\/www.w3.org\/2000\/svg\" viewbox=\"0 0 1000 100\" preserveaspectratio=\"none\">\n\t<path class=\"elementor-shape-fill\" d=\"M0,6V0h1000v100L0,6z\"\/>\n<\/svg>\t\t<\/div>\n\t\t\t\t<div class=\"elementor-shape elementor-shape-bottom\" aria-hidden=\"true\" data-negative=\"false\">\n\t\t\t<svg xmlns=\"http:\/\/www.w3.org\/2000\/svg\" viewbox=\"0 0 1000 100\" preserveaspectratio=\"none\">\n\t<path class=\"elementor-shape-fill\" d=\"M0,6V0h1000v100L0,6z\"\/>\n<\/svg>\t\t<\/div>\n\t\t\t\t\t<div class=\"elementor-container elementor-column-gap-no\">\n\t\t\t\t\t<div class=\"elementor-column elementor-col-100 elementor-top-column elementor-element elementor-element-b0b051a\" data-id=\"b0b051a\" data-element_type=\"column\" data-e-type=\"column\">\n\t\t\t<div class=\"elementor-widget-wrap elementor-element-populated\">\n\t\t\t\t\t\t<div class=\"elementor-element elementor-element-0396ceb elementor-widget elementor-widget-heading\" data-id=\"0396ceb\" data-element_type=\"widget\" data-e-type=\"widget\" data-widget_type=\"heading.default\">\n\t\t\t\t<div class=\"elementor-widget-container\">\n\t\t\t\t\t<h2 class=\"elementor-heading-title elementor-size-default\">Distribuci\u00f3n de casos<\/h2>\t\t\t\t<\/div>\n\t\t\t\t<\/div>\n\t\t\t\t<section class=\"elementor-section elementor-inner-section elementor-element elementor-element-5c6ba68 elementor-section-boxed elementor-section-height-default elementor-section-height-default\" data-id=\"5c6ba68\" data-element_type=\"section\" data-e-type=\"section\">\n\t\t\t\t\t\t<div class=\"elementor-container elementor-column-gap-no\">\n\t\t\t\t\t<div class=\"elementor-column elementor-col-33 elementor-inner-column elementor-element elementor-element-64a19b1 elementor-invisible\" data-id=\"64a19b1\" data-element_type=\"column\" data-e-type=\"column\" data-settings=\"{&quot;background_background&quot;:&quot;classic&quot;,&quot;animation&quot;:&quot;fadeInLeft&quot;}\">\n\t\t\t<div class=\"elementor-widget-wrap elementor-element-populated\">\n\t\t\t\t\t\t<div class=\"elementor-element elementor-element-42663f1 elementor-widget elementor-widget-image\" data-id=\"42663f1\" data-element_type=\"widget\" data-e-type=\"widget\" data-widget_type=\"image.default\">\n\t\t\t\t<div class=\"elementor-widget-container\">\n\t\t\t\t\t\t\t\t\t\t\t\t\t\t\t<img decoding=\"async\" src=\"https:\/\/sonsolesjimenezabogada.com\/wp-content\/uploads\/2023\/10\/close-up-view-of-divorce-decree-wedding-rings-and-wooden-hammer.jpg\" title=\"close-up view of divorce decree, wedding rings and wooden hammer\" alt=\"close-up view of divorce decree, wedding rings and wooden hammer\" loading=\"lazy\" \/>\t\t\t\t\t\t\t\t\t\t\t\t\t\t\t<\/div>\n\t\t\t\t<\/div>\n\t\t\t\t<section class=\"elementor-section elementor-inner-section elementor-element elementor-element-74b42ac elementor-section-boxed elementor-section-height-default elementor-section-height-default\" data-id=\"74b42ac\" data-element_type=\"section\" data-e-type=\"section\">\n\t\t\t\t\t\t<div class=\"elementor-container elementor-column-gap-no\">\n\t\t\t\t\t<div class=\"elementor-column elementor-col-100 elementor-inner-column elementor-element elementor-element-041ffec\" data-id=\"041ffec\" data-element_type=\"column\" data-e-type=\"column\">\n\t\t\t<div class=\"elementor-widget-wrap elementor-element-populated\">\n\t\t\t\t\t\t<div class=\"elementor-element elementor-element-43c53a2 elementor-widget elementor-widget-heading\" data-id=\"43c53a2\" data-element_type=\"widget\" data-e-type=\"widget\" data-widget_type=\"heading.default\">\n\t\t\t\t<div class=\"elementor-widget-container\">\n\t\t\t\t\t<h4 class=\"elementor-heading-title elementor-size-default\">FAMILIA<\/h4>\t\t\t\t<\/div>\n\t\t\t\t<\/div>\n\t\t\t\t<div class=\"elementor-element elementor-element-5e8b41c elementor-widget__width-initial elementor-widget-tablet__width-initial elementor-widget-mobile__width-initial elementor-widget elementor-widget-text-editor\" data-id=\"5e8b41c\" data-element_type=\"widget\" data-e-type=\"widget\" data-widget_type=\"text-editor.default\">\n\t\t\t\t<div class=\"elementor-widget-container\">\n\t\t\t\t\t\t\t\t\t<p>Asesoramiento y ayuda para elaborar acuerdos y capitulaciones matrimoniales. <br \/>Asesoramiento en las crisis matrimoniales y tramitaci\u00f3n de separaciones, divorcios, medidas hijos no matrimoniales bien de mutuo acuerdo elaborando el convenio regulador o mediante procedimiento contencioso.<br \/>Asesoramiento a la hora de establecer tipo de guarda y custodia, patria potestad, pensi\u00f3n de alimentos y gastos extraordinarios, pensi\u00f3n compensatoria, uso de la vivienda, etc.<br \/>Ejecuci\u00f3n de las sentencias en el supuesto de incumplimiento de las obligaciones recogidas en las mismas.<\/p>\t\t\t\t\t\t\t\t<\/div>\n\t\t\t\t<\/div>\n\t\t\t\t\t<\/div>\n\t\t<\/div>\n\t\t\t\t\t<\/div>\n\t\t<\/section>\n\t\t\t\t\t<\/div>\n\t\t<\/div>\n\t\t\t\t<div class=\"elementor-column elementor-col-33 elementor-inner-column elementor-element elementor-element-c715b54 elementor-invisible\" data-id=\"c715b54\" data-element_type=\"column\" data-e-type=\"column\" data-settings=\"{&quot;background_background&quot;:&quot;classic&quot;,&quot;animation&quot;:&quot;fadeInLeft&quot;}\">\n\t\t\t<div class=\"elementor-widget-wrap elementor-element-populated\">\n\t\t\t\t\t\t<div class=\"elementor-element elementor-element-d69017b elementor-widget elementor-widget-image\" data-id=\"d69017b\" data-element_type=\"widget\" data-e-type=\"widget\" data-widget_type=\"image.default\">\n\t\t\t\t<div class=\"elementor-widget-container\">\n\t\t\t\t\t\t\t\t\t\t\t\t\t\t\t<img decoding=\"async\" src=\"https:\/\/sonsolesjimenezabogada.com\/wp-content\/uploads\/2023\/10\/friends-with-disabilities-shaking-hands.jpg\" title=\"Friends with disabilities shaking hands\" alt=\"Friends with disabilities shaking hands\" loading=\"lazy\" \/>\t\t\t\t\t\t\t\t\t\t\t\t\t\t\t<\/div>\n\t\t\t\t<\/div>\n\t\t\t\t<div class=\"elementor-element elementor-element-33c1ce4 elementor-widget elementor-widget-heading\" data-id=\"33c1ce4\" data-element_type=\"widget\" data-e-type=\"widget\" data-widget_type=\"heading.default\">\n\t\t\t\t<div class=\"elementor-widget-container\">\n\t\t\t\t\t<h4 class=\"elementor-heading-title elementor-size-default\">CIVIL<\/h4>\t\t\t\t<\/div>\n\t\t\t\t<\/div>\n\t\t\t\t<section class=\"elementor-section elementor-inner-section elementor-element elementor-element-365c91a elementor-section-boxed elementor-section-height-default elementor-section-height-default\" data-id=\"365c91a\" data-element_type=\"section\" data-e-type=\"section\">\n\t\t\t\t\t\t<div class=\"elementor-container elementor-column-gap-no\">\n\t\t\t\t\t<div class=\"elementor-column elementor-col-100 elementor-inner-column elementor-element elementor-element-e6aa19c\" data-id=\"e6aa19c\" data-element_type=\"column\" data-e-type=\"column\">\n\t\t\t<div class=\"elementor-widget-wrap elementor-element-populated\">\n\t\t\t\t\t\t<div class=\"elementor-element elementor-element-239d5d8 elementor-widget__width-initial elementor-widget-tablet__width-initial elementor-widget-mobile__width-initial elementor-widget elementor-widget-text-editor\" data-id=\"239d5d8\" data-element_type=\"widget\" data-e-type=\"widget\" data-widget_type=\"text-editor.default\">\n\t\t\t\t<div class=\"elementor-widget-container\">\n\t\t\t\t\t\t\t\t\t<p>Asesoramiento y tramitaci\u00f3n de testamentos, herencias, declaraci\u00f3n de herederos ab intestato, medidas de apoyo a personas con discapacidad, autorizaciones judiciales para personas en situaci\u00f3n de guarda de hecho o curatela, reclamaci\u00f3n de cantidades, arrendamientos urbanos, contratos\u2026.<\/p>\t\t\t\t\t\t\t\t<\/div>\n\t\t\t\t<\/div>\n\t\t\t\t\t<\/div>\n\t\t<\/div>\n\t\t\t\t\t<\/div>\n\t\t<\/section>\n\t\t\t\t\t<\/div>\n\t\t<\/div>\n\t\t\t\t<div class=\"elementor-column elementor-col-33 elementor-inner-column elementor-element elementor-element-e931039 elementor-invisible\" data-id=\"e931039\" data-element_type=\"column\" data-e-type=\"column\" data-settings=\"{&quot;background_background&quot;:&quot;classic&quot;,&quot;animation&quot;:&quot;fadeInLeft&quot;}\">\n\t\t\t<div class=\"elementor-widget-wrap elementor-element-populated\">\n\t\t\t\t\t\t<div class=\"elementor-element elementor-element-06dc95a elementor-widget elementor-widget-image\" data-id=\"06dc95a\" data-element_type=\"widget\" data-e-type=\"widget\" data-widget_type=\"image.default\">\n\t\t\t\t<div class=\"elementor-widget-container\">\n\t\t\t\t\t\t\t\t\t\t\t\t\t\t\t<img decoding=\"async\" src=\"https:\/\/sonsolesjimenezabogada.com\/wp-content\/uploads\/2023\/10\/the-concept-of-domestic-abuse-of-a-child-by-father-stepfather-man-child-abuse-.jpg\" title=\"The concept of domestic abuse of a child by father, stepfather, man. Child abuse.\" alt=\"The concept of domestic abuse of a child by father, stepfather, man. Child abuse.\" loading=\"lazy\" \/>\t\t\t\t\t\t\t\t\t\t\t\t\t\t\t<\/div>\n\t\t\t\t<\/div>\n\t\t\t\t<div class=\"elementor-element elementor-element-34ba3f3 elementor-widget elementor-widget-heading\" data-id=\"34ba3f3\" data-element_type=\"widget\" data-e-type=\"widget\" data-widget_type=\"heading.default\">\n\t\t\t\t<div class=\"elementor-widget-container\">\n\t\t\t\t\t<h4 class=\"elementor-heading-title elementor-size-default\">PENAL<\/h4>\t\t\t\t<\/div>\n\t\t\t\t<\/div>\n\t\t\t\t<section class=\"elementor-section elementor-inner-section elementor-element elementor-element-b9a6fd9 elementor-section-boxed elementor-section-height-default elementor-section-height-default\" data-id=\"b9a6fd9\" data-element_type=\"section\" data-e-type=\"section\">\n\t\t\t\t\t\t<div class=\"elementor-container elementor-column-gap-no\">\n\t\t\t\t\t<div class=\"elementor-column elementor-col-100 elementor-inner-column elementor-element elementor-element-19d7cb2\" data-id=\"19d7cb2\" data-element_type=\"column\" data-e-type=\"column\">\n\t\t\t<div class=\"elementor-widget-wrap elementor-element-populated\">\n\t\t\t\t\t\t<div class=\"elementor-element elementor-element-7a3809f elementor-widget__width-initial elementor-widget-tablet__width-initial elementor-widget-mobile__width-initial elementor-widget elementor-widget-text-editor\" data-id=\"7a3809f\" data-element_type=\"widget\" data-e-type=\"widget\" data-widget_type=\"text-editor.default\">\n\t\t\t\t<div class=\"elementor-widget-container\">\n\t\t\t\t\t\t\t\t\t<p>Asesoramiento y asistencia al detenido en Comisaria y en el Juzgado de Guardia.<br \/>Delitos de violencia dom\u00e9stica y de g\u00e9nero, juicios r\u00e1pidos, juicios por delitos leves, alcoholemias, quebrantamientos, responsabilidad penal de los menores\u2026<\/p>\t\t\t\t\t\t\t\t<\/div>\n\t\t\t\t<\/div>\n\t\t\t\t\t<\/div>\n\t\t<\/div>\n\t\t\t\t\t<\/div>\n\t\t<\/section>\n\t\t\t\t\t<\/div>\n\t\t<\/div>\n\t\t\t\t\t<\/div>\n\t\t<\/section>\n\t\t\t\t\t<\/div>\n\t\t<\/div>\n\t\t\t\t\t<\/div>\n\t\t<\/section>\n\t\t\t\t<\/div>","protected":false},"excerpt":{"rendered":"<p>Servicios Mis servicios ASESORAMIENTO Y TRAMITES JUDICIALES Y ADMINISTRATIVOS EN ASUNTOS DE FAMILIA, HERENCIAS, PENAL, VIOLENCIA DE GENERO, PENAL MENORES, ARRENDAMIENTOS&#8230; \u00a0 Distribuci\u00f3n de casos FAMILIA Asesoramiento y ayuda para elaborar acuerdos y capitulaciones matrimoniales. Asesoramiento en las crisis matrimoniales y tramitaci\u00f3n de separaciones, divorcios, medidas hijos no matrimoniales bien de mutuo acuerdo elaborando el [&hellip;]<\/p>\n","protected":false},"author":1,"featured_media":28,"parent":0,"menu_order":0,"comment_status":"closed","ping_status":"closed","template":"elementor_canvas","meta":{"footnotes":""},"class_list":["post-18","page","type-page","status-publish","has-post-thumbnail","hentry"],"yoast_head":"<!-- This site is optimized with the Yoast SEO plugin v27.5 - https:\/\/yoast.com\/product\/yoast-seo-wordpress\/ -->\n<title>Servicios - Sonsoles Jim\u00e9nez D\u00edaz<\/title>\n<meta name=\"robots\" content=\"index, follow, max-snippet:-1, max-image-preview:large, max-video-preview:-1\" \/>\n<link rel=\"canonical\" href=\"https:\/\/sonsolesjimenezabogada.com\/eu\/servicios\/\" \/>\n<meta property=\"og:locale\" content=\"en_US\" \/>\n<meta property=\"og:type\" content=\"article\" \/>\n<meta property=\"og:title\" content=\"Servicios - Sonsoles Jim\u00e9nez D\u00edaz\" \/>\n<meta property=\"og:description\" content=\"Servicios Mis servicios ASESORAMIENTO Y TRAMITES JUDICIALES Y ADMINISTRATIVOS EN ASUNTOS DE FAMILIA, HERENCIAS, PENAL, VIOLENCIA DE GENERO, PENAL MENORES, ARRENDAMIENTOS&#8230; \u00a0 Distribuci\u00f3n de casos FAMILIA Asesoramiento y ayuda para elaborar acuerdos y capitulaciones matrimoniales. Asesoramiento en las crisis matrimoniales y tramitaci\u00f3n de separaciones, divorcios, medidas hijos no matrimoniales bien de mutuo acuerdo elaborando el [&hellip;]\" \/>\n<meta property=\"og:url\" content=\"https:\/\/sonsolesjimenezabogada.com\/eu\/servicios\/\" \/>\n<meta property=\"og:site_name\" content=\"Sonsoles Jim\u00e9nez D\u00edaz\" \/>\n<meta property=\"article:modified_time\" content=\"2023-11-02T09:10:29+00:00\" \/>\n<meta property=\"og:image\" content=\"https:\/\/sonsolesjimenezabogada.com\/wp-content\/uploads\/2023\/09\/icono.png\" \/>\n\t<meta property=\"og:image:width\" content=\"500\" \/>\n\t<meta property=\"og:image:height\" content=\"500\" \/>\n\t<meta property=\"og:image:type\" content=\"image\/png\" \/>\n<meta name=\"twitter:card\" content=\"summary_large_image\" \/>\n<meta name=\"twitter:label1\" content=\"Est. reading time\" \/>\n\t<meta name=\"twitter:data1\" content=\"2 minutua\" \/>\n<script type=\"application\/ld+json\" class=\"yoast-schema-graph\">{\"@context\":\"https:\\\/\\\/schema.org\",\"@graph\":[{\"@type\":\"WebPage\",\"@id\":\"https:\\\/\\\/sonsolesjimenezabogada.com\\\/servicios\\\/\",\"url\":\"https:\\\/\\\/sonsolesjimenezabogada.com\\\/servicios\\\/\",\"name\":\"Servicios - Sonsoles Jim\u00e9nez D\u00edaz\",\"isPartOf\":{\"@id\":\"https:\\\/\\\/sonsolesjimenezabogada.com\\\/#website\"},\"primaryImageOfPage\":{\"@id\":\"https:\\\/\\\/sonsolesjimenezabogada.com\\\/servicios\\\/#primaryimage\"},\"image\":{\"@id\":\"https:\\\/\\\/sonsolesjimenezabogada.com\\\/servicios\\\/#primaryimage\"},\"thumbnailUrl\":\"https:\\\/\\\/sonsolesjimenezabogada.com\\\/wp-content\\\/uploads\\\/2023\\\/09\\\/icono.png\",\"datePublished\":\"2023-09-25T08:01:03+00:00\",\"dateModified\":\"2023-11-02T09:10:29+00:00\",\"breadcrumb\":{\"@id\":\"https:\\\/\\\/sonsolesjimenezabogada.com\\\/servicios\\\/#breadcrumb\"},\"inLanguage\":\"eu\",\"potentialAction\":[{\"@type\":\"ReadAction\",\"target\":[\"https:\\\/\\\/sonsolesjimenezabogada.com\\\/servicios\\\/\"]}]},{\"@type\":\"ImageObject\",\"inLanguage\":\"eu\",\"@id\":\"https:\\\/\\\/sonsolesjimenezabogada.com\\\/servicios\\\/#primaryimage\",\"url\":\"https:\\\/\\\/sonsolesjimenezabogada.com\\\/wp-content\\\/uploads\\\/2023\\\/09\\\/icono.png\",\"contentUrl\":\"https:\\\/\\\/sonsolesjimenezabogada.com\\\/wp-content\\\/uploads\\\/2023\\\/09\\\/icono.png\",\"width\":500,\"height\":500},{\"@type\":\"BreadcrumbList\",\"@id\":\"https:\\\/\\\/sonsolesjimenezabogada.com\\\/servicios\\\/#breadcrumb\",\"itemListElement\":[{\"@type\":\"ListItem\",\"position\":1,\"name\":\"Portada\",\"item\":\"https:\\\/\\\/sonsolesjimenezabogada.com\\\/\"},{\"@type\":\"ListItem\",\"position\":2,\"name\":\"Servicios\"}]},{\"@type\":\"WebSite\",\"@id\":\"https:\\\/\\\/sonsolesjimenezabogada.com\\\/#website\",\"url\":\"https:\\\/\\\/sonsolesjimenezabogada.com\\\/\",\"name\":\"Sonsoles Jim\u00e9nez D\u00edaz\",\"description\":\"M\u00e1s de 30 a\u00f1os de experiencia en asesoramiento, tramites judiciales y administrativos en asuntos de familia, herencias, arrendamientos, penal, penal menores, violencia de genero y m\u00e1s.\",\"publisher\":{\"@id\":\"https:\\\/\\\/sonsolesjimenezabogada.com\\\/#organization\"},\"potentialAction\":[{\"@type\":\"SearchAction\",\"target\":{\"@type\":\"EntryPoint\",\"urlTemplate\":\"https:\\\/\\\/sonsolesjimenezabogada.com\\\/?s={search_term_string}\"},\"query-input\":{\"@type\":\"PropertyValueSpecification\",\"valueRequired\":true,\"valueName\":\"search_term_string\"}}],\"inLanguage\":\"eu\"},{\"@type\":\"Organization\",\"@id\":\"https:\\\/\\\/sonsolesjimenezabogada.com\\\/#organization\",\"name\":\"Sonsoles Jim\u00e9nez D\u00edaz\",\"url\":\"https:\\\/\\\/sonsolesjimenezabogada.com\\\/\",\"logo\":{\"@type\":\"ImageObject\",\"inLanguage\":\"eu\",\"@id\":\"https:\\\/\\\/sonsolesjimenezabogada.com\\\/#\\\/schema\\\/logo\\\/image\\\/\",\"url\":\"https:\\\/\\\/sonsolesjimenezabogada.com\\\/wp-content\\\/uploads\\\/2023\\\/09\\\/Logo.png\",\"contentUrl\":\"https:\\\/\\\/sonsolesjimenezabogada.com\\\/wp-content\\\/uploads\\\/2023\\\/09\\\/Logo.png\",\"width\":500,\"height\":500,\"caption\":\"Sonsoles Jim\u00e9nez D\u00edaz\"},\"image\":{\"@id\":\"https:\\\/\\\/sonsolesjimenezabogada.com\\\/#\\\/schema\\\/logo\\\/image\\\/\"}}]}<\/script>\n<!-- \/ Yoast SEO plugin. -->","yoast_head_json":{"title":"Servicios - Sonsoles Jim\u00e9nez D\u00edaz","robots":{"index":"index","follow":"follow","max-snippet":"max-snippet:-1","max-image-preview":"max-image-preview:large","max-video-preview":"max-video-preview:-1"},"canonical":"https:\/\/sonsolesjimenezabogada.com\/eu\/servicios\/","og_locale":"en_US","og_type":"article","og_title":"Servicios - Sonsoles Jim\u00e9nez D\u00edaz","og_description":"Servicios Mis servicios ASESORAMIENTO Y TRAMITES JUDICIALES Y ADMINISTRATIVOS EN ASUNTOS DE FAMILIA, HERENCIAS, PENAL, VIOLENCIA DE GENERO, PENAL MENORES, ARRENDAMIENTOS&#8230; \u00a0 Distribuci\u00f3n de casos FAMILIA Asesoramiento y ayuda para elaborar acuerdos y capitulaciones matrimoniales. Asesoramiento en las crisis matrimoniales y tramitaci\u00f3n de separaciones, divorcios, medidas hijos no matrimoniales bien de mutuo acuerdo elaborando el [&hellip;]","og_url":"https:\/\/sonsolesjimenezabogada.com\/eu\/servicios\/","og_site_name":"Sonsoles Jim\u00e9nez D\u00edaz","article_modified_time":"2023-11-02T09:10:29+00:00","og_image":[{"width":500,"height":500,"url":"https:\/\/sonsolesjimenezabogada.com\/wp-content\/uploads\/2023\/09\/icono.png","type":"image\/png"}],"twitter_card":"summary_large_image","twitter_misc":{"Est. reading time":"2 minutua"},"schema":{"@context":"https:\/\/schema.org","@graph":[{"@type":"WebPage","@id":"https:\/\/sonsolesjimenezabogada.com\/servicios\/","url":"https:\/\/sonsolesjimenezabogada.com\/servicios\/","name":"Servicios - Sonsoles Jim\u00e9nez D\u00edaz","isPartOf":{"@id":"https:\/\/sonsolesjimenezabogada.com\/#website"},"primaryImageOfPage":{"@id":"https:\/\/sonsolesjimenezabogada.com\/servicios\/#primaryimage"},"image":{"@id":"https:\/\/sonsolesjimenezabogada.com\/servicios\/#primaryimage"},"thumbnailUrl":"https:\/\/sonsolesjimenezabogada.com\/wp-content\/uploads\/2023\/09\/icono.png","datePublished":"2023-09-25T08:01:03+00:00","dateModified":"2023-11-02T09:10:29+00:00","breadcrumb":{"@id":"https:\/\/sonsolesjimenezabogada.com\/servicios\/#breadcrumb"},"inLanguage":"eu","potentialAction":[{"@type":"ReadAction","target":["https:\/\/sonsolesjimenezabogada.com\/servicios\/"]}]},{"@type":"ImageObject","inLanguage":"eu","@id":"https:\/\/sonsolesjimenezabogada.com\/servicios\/#primaryimage","url":"https:\/\/sonsolesjimenezabogada.com\/wp-content\/uploads\/2023\/09\/icono.png","contentUrl":"https:\/\/sonsolesjimenezabogada.com\/wp-content\/uploads\/2023\/09\/icono.png","width":500,"height":500},{"@type":"BreadcrumbList","@id":"https:\/\/sonsolesjimenezabogada.com\/servicios\/#breadcrumb","itemListElement":[{"@type":"ListItem","position":1,"name":"Portada","item":"https:\/\/sonsolesjimenezabogada.com\/"},{"@type":"ListItem","position":2,"name":"Servicios"}]},{"@type":"WebSite","@id":"https:\/\/sonsolesjimenezabogada.com\/#website","url":"https:\/\/sonsolesjimenezabogada.com\/","name":"Sonsoles Jim\u00e9nez D\u00edaz","description":"M\u00e1s de 30 a\u00f1os de experiencia en asesoramiento, tramites judiciales y administrativos en asuntos de familia, herencias, arrendamientos, penal, penal menores, violencia de genero y m\u00e1s.","publisher":{"@id":"https:\/\/sonsolesjimenezabogada.com\/#organization"},"potentialAction":[{"@type":"SearchAction","target":{"@type":"EntryPoint","urlTemplate":"https:\/\/sonsolesjimenezabogada.com\/?s={search_term_string}"},"query-input":{"@type":"PropertyValueSpecification","valueRequired":true,"valueName":"search_term_string"}}],"inLanguage":"eu"},{"@type":"Organization","@id":"https:\/\/sonsolesjimenezabogada.com\/#organization","name":"Sonsoles Jim\u00e9nez D\u00edaz","url":"https:\/\/sonsolesjimenezabogada.com\/","logo":{"@type":"ImageObject","inLanguage":"eu","@id":"https:\/\/sonsolesjimenezabogada.com\/#\/schema\/logo\/image\/","url":"https:\/\/sonsolesjimenezabogada.com\/wp-content\/uploads\/2023\/09\/Logo.png","contentUrl":"https:\/\/sonsolesjimenezabogada.com\/wp-content\/uploads\/2023\/09\/Logo.png","width":500,"height":500,"caption":"Sonsoles Jim\u00e9nez D\u00edaz"},"image":{"@id":"https:\/\/sonsolesjimenezabogada.com\/#\/schema\/logo\/image\/"}}]}},"_links":{"self":[{"href":"https:\/\/sonsolesjimenezabogada.com\/eu\/wp-json\/wp\/v2\/pages\/18","targetHints":{"allow":["GET"]}}],"collection":[{"href":"https:\/\/sonsolesjimenezabogada.com\/eu\/wp-json\/wp\/v2\/pages"}],"about":[{"href":"https:\/\/sonsolesjimenezabogada.com\/eu\/wp-json\/wp\/v2\/types\/page"}],"author":[{"embeddable":true,"href":"https:\/\/sonsolesjimenezabogada.com\/eu\/wp-json\/wp\/v2\/users\/1"}],"replies":[{"embeddable":true,"href":"https:\/\/sonsolesjimenezabogada.com\/eu\/wp-json\/wp\/v2\/comments?post=18"}],"version-history":[{"count":98,"href":"https:\/\/sonsolesjimenezabogada.com\/eu\/wp-json\/wp\/v2\/pages\/18\/revisions"}],"predecessor-version":[{"id":884,"href":"https:\/\/sonsolesjimenezabogada.com\/eu\/wp-json\/wp\/v2\/pages\/18\/revisions\/884"}],"wp:featuredmedia":[{"embeddable":true,"href":"https:\/\/sonsolesjimenezabogada.com\/eu\/wp-json\/wp\/v2\/media\/28"}],"wp:attachment":[{"href":"https:\/\/sonsolesjimenezabogada.com\/eu\/wp-json\/wp\/v2\/media?parent=18"}],"curies":[{"name":"wp","href":"https:\/\/api.w.org\/{rel}","templated":true}]}}