{"id":2,"date":"2023-09-25T07:25:03","date_gmt":"2023-09-25T07:25:03","guid":{"rendered":"https:\/\/web4.rkinformatika.net\/sonsolesjimenezabogada\/?page_id=2"},"modified":"2023-11-02T09:11:34","modified_gmt":"2023-11-02T09:11:34","slug":"inicio","status":"publish","type":"page","link":"https:\/\/sonsolesjimenezabogada.com\/eu\/","title":{"rendered":"Hasiera"},"content":{"rendered":"<div data-elementor-type=\"wp-page\" data-elementor-id=\"2\" class=\"elementor elementor-2\" data-elementor-post-type=\"page\">\n\t\t\t\t\t\t<section class=\"elementor-section elementor-top-section elementor-element elementor-element-61f80e3 elementor-section-boxed elementor-section-height-default elementor-section-height-default\" data-id=\"61f80e3\" data-element_type=\"section\" data-e-type=\"section\" data-settings=\"{&quot;background_background&quot;:&quot;classic&quot;}\">\n\t\t\t\t\t\t\t<div class=\"elementor-background-overlay\"><\/div>\n\t\t\t\t\t\t\t<div class=\"elementor-container elementor-column-gap-default\">\n\t\t\t\t\t<div class=\"elementor-column elementor-col-100 elementor-top-column elementor-element elementor-element-1b748ad\" data-id=\"1b748ad\" data-element_type=\"column\" data-e-type=\"column\">\n\t\t\t<div class=\"elementor-widget-wrap elementor-element-populated\">\n\t\t\t\t\t\t<div class=\"elementor-element elementor-element-d1259d5 elementor-widget__width-initial elementor-widget elementor-widget-heading\" data-id=\"d1259d5\" data-element_type=\"widget\" data-e-type=\"widget\" data-widget_type=\"heading.default\">\n\t\t\t\t<div class=\"elementor-widget-container\">\n\t\t\t\t\t<h1 class=\"elementor-heading-title elementor-size-default\">Esperientziadun abokatua<\/h1>\t\t\t\t<\/div>\n\t\t\t\t<\/div>\n\t\t\t\t\t<\/div>\n\t\t<\/div>\n\t\t\t\t\t<\/div>\n\t\t<\/section>\n\t\t\t\t<section class=\"elementor-section elementor-top-section elementor-element elementor-element-d33564f elementor-section-boxed elementor-section-height-default elementor-section-height-default\" data-id=\"d33564f\" data-element_type=\"section\" data-e-type=\"section\" data-settings=\"{&quot;background_background&quot;:&quot;classic&quot;}\">\n\t\t\t\t\t\t<div class=\"elementor-container elementor-column-gap-default\">\n\t\t\t\t\t<div class=\"elementor-column elementor-col-100 elementor-top-column elementor-element elementor-element-75977c9 elementor-invisible\" data-id=\"75977c9\" data-element_type=\"column\" data-e-type=\"column\" data-settings=\"{&quot;animation&quot;:&quot;fadeInDown&quot;,&quot;animation_delay&quot;:200,&quot;background_background&quot;:&quot;classic&quot;}\">\n\t\t\t<div class=\"elementor-widget-wrap elementor-element-populated\">\n\t\t\t\t\t\t<section class=\"elementor-section elementor-inner-section elementor-element elementor-element-2403ff0 elementor-section-full_width elementor-section-height-default elementor-section-height-default\" data-id=\"2403ff0\" data-element_type=\"section\" data-e-type=\"section\" data-settings=\"{&quot;background_background&quot;:&quot;classic&quot;}\">\n\t\t\t\t\t\t<div class=\"elementor-container elementor-column-gap-default\">\n\t\t\t\t\t<div class=\"elementor-column elementor-col-33 elementor-inner-column elementor-element elementor-element-16fa6c8\" data-id=\"16fa6c8\" data-element_type=\"column\" data-e-type=\"column\">\n\t\t\t<div class=\"elementor-widget-wrap elementor-element-populated\">\n\t\t\t\t\t\t<div class=\"elementor-element elementor-element-26dd082 elementor-widget__width-initial elementor-widget-tablet__width-initial elementor-widget-mobile__width-initial elementor-widget elementor-widget-image\" data-id=\"26dd082\" data-element_type=\"widget\" data-e-type=\"widget\" data-widget_type=\"image.default\">\n\t\t\t\t<div class=\"elementor-widget-container\">\n\t\t\t\t\t\t\t\t\t\t\t\t\t\t\t<img decoding=\"async\" width=\"64\" height=\"64\" src=\"https:\/\/sonsolesjimenezabogada.com\/wp-content\/uploads\/2023\/10\/img-clock-2-1.png\" class=\"attachment-full size-full wp-image-734\" alt=\"\" srcset=\"https:\/\/sonsolesjimenezabogada.com\/wp-content\/uploads\/2023\/10\/img-clock-2-1.png 64w, https:\/\/sonsolesjimenezabogada.com\/wp-content\/uploads\/2023\/10\/img-clock-2-1-12x12.png 12w\" sizes=\"(max-width: 64px) 100vw, 64px\" \/>\t\t\t\t\t\t\t\t\t\t\t\t\t\t\t<\/div>\n\t\t\t\t<\/div>\n\t\t\t\t<div class=\"elementor-element elementor-element-fc51b79 elementor-widget__width-initial elementor-widget-tablet__width-inherit elementor-widget-mobile__width-initial elementor-widget elementor-widget-heading\" data-id=\"fc51b79\" data-element_type=\"widget\" data-e-type=\"widget\" data-widget_type=\"heading.default\">\n\t\t\t\t<div class=\"elementor-widget-container\">\n\t\t\t\t\t<h3 class=\"elementor-heading-title elementor-size-default\">Ordutegia<\/h3>\t\t\t\t<\/div>\n\t\t\t\t<\/div>\n\t\t\t\t\t<\/div>\n\t\t<\/div>\n\t\t\t\t<div class=\"elementor-column elementor-col-33 elementor-inner-column elementor-element elementor-element-03b39fb\" data-id=\"03b39fb\" data-element_type=\"column\" data-e-type=\"column\">\n\t\t\t<div class=\"elementor-widget-wrap elementor-element-populated\">\n\t\t\t\t\t\t<div class=\"elementor-element elementor-element-ac04d4a elementor-widget__width-initial elementor-widget-tablet__width-initial elementor-widget-mobile__width-initial elementor-widget elementor-widget-heading\" data-id=\"ac04d4a\" data-element_type=\"widget\" data-e-type=\"widget\" data-widget_type=\"heading.default\">\n\t\t\t\t<div class=\"elementor-widget-container\">\n\t\t\t\t\t<h4 class=\"elementor-heading-title elementor-size-default\">Astelehen - Ostegun<\/h4>\t\t\t\t<\/div>\n\t\t\t\t<\/div>\n\t\t\t\t<div class=\"elementor-element elementor-element-3351f13 elementor-widget-tablet__width-initial elementor-widget-mobile__width-initial elementor-widget__width-initial elementor-widget elementor-widget-heading\" data-id=\"3351f13\" data-element_type=\"widget\" data-e-type=\"widget\" data-widget_type=\"heading.default\">\n\t\t\t\t<div class=\"elementor-widget-container\">\n\t\t\t\t\t<h4 class=\"elementor-heading-title elementor-size-default\">9:00 - 14:00\n17:00 - 19:30<\/h4>\t\t\t\t<\/div>\n\t\t\t\t<\/div>\n\t\t\t\t\t<\/div>\n\t\t<\/div>\n\t\t\t\t<div class=\"elementor-column elementor-col-33 elementor-inner-column elementor-element elementor-element-ccfaf4a\" data-id=\"ccfaf4a\" data-element_type=\"column\" data-e-type=\"column\">\n\t\t\t<div class=\"elementor-widget-wrap elementor-element-populated\">\n\t\t\t\t\t\t<div class=\"elementor-element elementor-element-2a1d09a elementor-widget__width-initial elementor-widget-tablet__width-initial elementor-widget-mobile__width-initial elementor-widget elementor-widget-heading\" data-id=\"2a1d09a\" data-element_type=\"widget\" data-e-type=\"widget\" data-widget_type=\"heading.default\">\n\t\t\t\t<div class=\"elementor-widget-container\">\n\t\t\t\t\t<h4 class=\"elementor-heading-title elementor-size-default\">Ostirala<\/h4>\t\t\t\t<\/div>\n\t\t\t\t<\/div>\n\t\t\t\t<div class=\"elementor-element elementor-element-4ebd5f5 elementor-widget-tablet__width-initial elementor-widget-mobile__width-initial elementor-widget__width-initial elementor-widget elementor-widget-heading\" data-id=\"4ebd5f5\" data-element_type=\"widget\" data-e-type=\"widget\" data-widget_type=\"heading.default\">\n\t\t\t\t<div class=\"elementor-widget-container\">\n\t\t\t\t\t<h4 class=\"elementor-heading-title elementor-size-default\">9:00 - 14:00\n<\/h4>\t\t\t\t<\/div>\n\t\t\t\t<\/div>\n\t\t\t\t\t<\/div>\n\t\t<\/div>\n\t\t\t\t\t<\/div>\n\t\t<\/section>\n\t\t\t\t\t<\/div>\n\t\t<\/div>\n\t\t\t\t\t<\/div>\n\t\t<\/section>\n\t\t\t\t<section class=\"elementor-section elementor-top-section elementor-element elementor-element-6851a378 elementor-section-boxed elementor-section-height-default elementor-section-height-default\" data-id=\"6851a378\" data-element_type=\"section\" data-e-type=\"section\" data-settings=\"{&quot;shape_divider_bottom&quot;:&quot;opacity-tilt&quot;}\">\n\t\t\t\t\t<div class=\"elementor-shape elementor-shape-bottom\" aria-hidden=\"true\" data-negative=\"false\">\n\t\t\t<svg xmlns=\"http:\/\/www.w3.org\/2000\/svg\" viewbox=\"0 0 2600 131.1\" preserveaspectratio=\"none\">\n\t<path class=\"elementor-shape-fill\" d=\"M0 0L2600 0 2600 69.1 0 0z\"\/>\n\t<path class=\"elementor-shape-fill\" style=\"opacity:0.5\" d=\"M0 0L2600 0 2600 69.1 0 69.1z\"\/>\n\t<path class=\"elementor-shape-fill\" style=\"opacity:0.25\" d=\"M2600 0L0 0 0 130.1 2600 69.1z\"\/>\n<\/svg>\t\t<\/div>\n\t\t\t\t\t<div class=\"elementor-container elementor-column-gap-default\">\n\t\t\t\t\t<div class=\"elementor-column elementor-col-50 elementor-top-column elementor-element elementor-element-5807bc9\" data-id=\"5807bc9\" data-element_type=\"column\" data-e-type=\"column\">\n\t\t\t<div class=\"elementor-widget-wrap elementor-element-populated\">\n\t\t\t\t\t\t<div class=\"elementor-element elementor-element-18b7590f elementor-widget elementor-widget-heading\" data-id=\"18b7590f\" data-element_type=\"widget\" data-e-type=\"widget\" data-widget_type=\"heading.default\">\n\t\t\t\t<div class=\"elementor-widget-container\">\n\t\t\t\t\t<h2 class=\"elementor-heading-title elementor-size-default\">Niri buruz<\/h2>\t\t\t\t<\/div>\n\t\t\t\t<\/div>\n\t\t\t\t<div class=\"elementor-element elementor-element-3c81d0ce elementor-widget elementor-widget-text-editor\" data-id=\"3c81d0ce\" data-element_type=\"widget\" data-e-type=\"widget\" data-widget_type=\"text-editor.default\">\n\t\t\t\t<div class=\"elementor-widget-container\">\n\t\t\t\t\t\t\t\t\t<p>Sonsoles Jim\u00e9nez D\u00edaz, Bizkaiko Abokatuen Elkargoko 3430 abokatu elkargokidea.<\/p><p>AEAFAko kidea (Espainiako Familia Abokatuen Elkartea)<\/p><p>Lege-zerbitzuak Euskal Autonomia Erkidegoan ematen ditut batez ere, eta egoitza profesionala HEn dut. EUROPA, 1 ENTPL. 3. SAILA, Barakaldo, Bizkaia.<\/p>\t\t\t\t\t\t\t\t<\/div>\n\t\t\t\t<\/div>\n\t\t\t\t\t<\/div>\n\t\t<\/div>\n\t\t\t\t<div class=\"elementor-column elementor-col-50 elementor-top-column elementor-element elementor-element-631a0f72\" data-id=\"631a0f72\" data-element_type=\"column\" data-e-type=\"column\">\n\t\t\t<div class=\"elementor-widget-wrap elementor-element-populated\">\n\t\t\t\t\t\t<div class=\"elementor-element elementor-element-5c5def99 elementor-widget__width-initial elementor-widget elementor-widget-image\" data-id=\"5c5def99\" data-element_type=\"widget\" data-e-type=\"widget\" data-widget_type=\"image.default\">\n\t\t\t\t<div class=\"elementor-widget-container\">\n\t\t\t\t\t\t\t\t\t\t\t\t\t\t\t<img decoding=\"async\" src=\"https:\/\/sonsolesjimenezabogada.com\/wp-content\/uploads\/elementor\/thumbs\/image15-scaled-qdzmzojicm8sslxz7tyxbyarxgfirlty1zi62uu5bk.jpeg\" title=\"image15\" alt=\"image15\" loading=\"lazy\" \/>\t\t\t\t\t\t\t\t\t\t\t\t\t\t\t<\/div>\n\t\t\t\t<\/div>\n\t\t\t\t\t<\/div>\n\t\t<\/div>\n\t\t\t\t\t<\/div>\n\t\t<\/section>\n\t\t\t\t<section class=\"elementor-section elementor-top-section elementor-element elementor-element-3d4a5c35 elementor-section-boxed elementor-section-height-default elementor-section-height-default\" data-id=\"3d4a5c35\" data-element_type=\"section\" data-e-type=\"section\" data-settings=\"{&quot;background_background&quot;:&quot;classic&quot;,&quot;shape_divider_bottom&quot;:&quot;opacity-tilt&quot;}\">\n\t\t\t\t\t\t\t<div class=\"elementor-background-overlay\"><\/div>\n\t\t\t\t\t\t<div class=\"elementor-shape elementor-shape-bottom\" aria-hidden=\"true\" data-negative=\"false\">\n\t\t\t<svg xmlns=\"http:\/\/www.w3.org\/2000\/svg\" viewbox=\"0 0 2600 131.1\" preserveaspectratio=\"none\">\n\t<path class=\"elementor-shape-fill\" d=\"M0 0L2600 0 2600 69.1 0 0z\"\/>\n\t<path class=\"elementor-shape-fill\" style=\"opacity:0.5\" d=\"M0 0L2600 0 2600 69.1 0 69.1z\"\/>\n\t<path class=\"elementor-shape-fill\" style=\"opacity:0.25\" d=\"M2600 0L0 0 0 130.1 2600 69.1z\"\/>\n<\/svg>\t\t<\/div>\n\t\t\t\t\t<div class=\"elementor-container elementor-column-gap-default\">\n\t\t\t\t\t<div class=\"elementor-column elementor-col-33 elementor-top-column elementor-element elementor-element-679b0913\" data-id=\"679b0913\" data-element_type=\"column\" data-e-type=\"column\" data-settings=\"{&quot;background_background&quot;:&quot;classic&quot;}\">\n\t\t\t<div class=\"elementor-widget-wrap elementor-element-populated\">\n\t\t\t\t\t\t<div class=\"elementor-element elementor-element-57b39756 elementor-widget elementor-widget-heading\" data-id=\"57b39756\" data-element_type=\"widget\" data-e-type=\"widget\" data-widget_type=\"heading.default\">\n\t\t\t\t<div class=\"elementor-widget-container\">\n\t\t\t\t\t<h1 class=\"elementor-heading-title elementor-size-default\">Zergatik ni aukeratu?<\/h1>\t\t\t\t<\/div>\n\t\t\t\t<\/div>\n\t\t\t\t<div class=\"elementor-element elementor-element-c12d7e1 elementor-widget elementor-widget-heading\" data-id=\"c12d7e1\" data-element_type=\"widget\" data-e-type=\"widget\" data-widget_type=\"heading.default\">\n\t\t\t\t<div class=\"elementor-widget-container\">\n\t\t\t\t\t<h2 class=\"elementor-heading-title elementor-size-default\">Senior - 31 urte<\/h2>\t\t\t\t<\/div>\n\t\t\t\t<\/div>\n\t\t\t\t\t<\/div>\n\t\t<\/div>\n\t\t\t\t<div class=\"elementor-column elementor-col-66 elementor-top-column elementor-element elementor-element-2ce84925\" data-id=\"2ce84925\" data-element_type=\"column\" data-e-type=\"column\" data-settings=\"{&quot;background_background&quot;:&quot;classic&quot;}\">\n\t\t\t<div class=\"elementor-widget-wrap elementor-element-populated\">\n\t\t\t\t\t\t<div class=\"elementor-element elementor-element-f668592 elementor-widget__width-initial elementor-widget elementor-widget-text-editor\" data-id=\"f668592\" data-element_type=\"widget\" data-e-type=\"widget\" data-widget_type=\"text-editor.default\">\n\t\t\t\t<div class=\"elementor-widget-container\">\n\t\t\t\t\t\t\t\t\t<p>30 urte baino gehiagoko esperientzia dut abokatu gisa hainbat lege-arlotan, zuzenbide zibila, familia-zuzenbidea eta zuzenbide penala barne. Bezero bakoitzaren kasuetara egokitzen diren legezko zerbitzu pertsonalizatuak eskaintzen ditut, eta haien gogobetetasuna eta arrakasta bermatzen ahalegintzen naiz. Lege-ezagutza eta -esperientzia zabalak aukera ematen dit bezeroei legezko edozein kezkari heltzen eta behar dituzten emaitzak lortzen laguntzeko.<\/p>\t\t\t\t\t\t\t\t<\/div>\n\t\t\t\t<\/div>\n\t\t\t\t<div class=\"elementor-element elementor-element-961f60e elementor-widget elementor-widget-button\" data-id=\"961f60e\" data-element_type=\"widget\" data-e-type=\"widget\" data-widget_type=\"button.default\">\n\t\t\t\t<div class=\"elementor-widget-container\">\n\t\t\t\t\t\t\t\t\t<div class=\"elementor-button-wrapper\">\n\t\t\t\t\t<a class=\"elementor-button elementor-button-link elementor-size-sm\" href=\"https:\/\/sonsolesjimenezabogada.com\/eu\/contacto\/\">\n\t\t\t\t\t\t<span class=\"elementor-button-content-wrapper\">\n\t\t\t\t\t\t\t\t\t<span class=\"elementor-button-text\">Jarri kontaktuan<\/span>\n\t\t\t\t\t<\/span>\n\t\t\t\t\t<\/a>\n\t\t\t\t<\/div>\n\t\t\t\t\t\t\t\t<\/div>\n\t\t\t\t<\/div>\n\t\t\t\t\t<\/div>\n\t\t<\/div>\n\t\t\t\t\t<\/div>\n\t\t<\/section>\n\t\t\t\t<\/div>","protected":false},"excerpt":{"rendered":"<p>Abogada con experiencia Horario de apertura Lunes &#8211; Jueves 9:00 &#8211; 14:00 17:00 &#8211; 19:30 Viernes 9:00 &#8211; 14:00 Sobre mi Sonsoles Jim\u00e9nez D\u00edaz , Abogada colegiada 3430 del Colegio de la Abogac\u00eda de Bizkaia. Miembro de la AEAFA (Asociaci\u00f3n Espa\u00f1ola de Abogados de Familia) Presto servicios legales principalmente en la comunidad de Pa\u00eds Vasco, [&hellip;]<\/p>\n","protected":false},"author":1,"featured_media":28,"parent":0,"menu_order":0,"comment_status":"closed","ping_status":"closed","template":"elementor_canvas","meta":{"footnotes":""},"class_list":["post-2","page","type-page","status-publish","has-post-thumbnail","hentry"],"yoast_head":"<!-- This site is optimized with the Yoast SEO plugin v27.5 - https:\/\/yoast.com\/product\/yoast-seo-wordpress\/ -->\n<title>Inicio - Sonsoles Jim\u00e9nez D\u00edaz<\/title>\n<meta name=\"robots\" content=\"index, follow, max-snippet:-1, max-image-preview:large, max-video-preview:-1\" \/>\n<link rel=\"canonical\" href=\"https:\/\/sonsolesjimenezabogada.com\/eu\/\" \/>\n<meta property=\"og:locale\" content=\"en_US\" \/>\n<meta property=\"og:type\" content=\"article\" \/>\n<meta property=\"og:title\" content=\"Inicio - Sonsoles Jim\u00e9nez D\u00edaz\" \/>\n<meta property=\"og:description\" content=\"Abogada con experiencia Horario de apertura Lunes &#8211; Jueves 9:00 &#8211; 14:00 17:00 &#8211; 19:30 Viernes 9:00 &#8211; 14:00 Sobre mi Sonsoles Jim\u00e9nez D\u00edaz , Abogada colegiada 3430 del Colegio de la Abogac\u00eda de Bizkaia. Miembro de la AEAFA (Asociaci\u00f3n Espa\u00f1ola de Abogados de Familia) Presto servicios legales principalmente en la comunidad de Pa\u00eds Vasco, [&hellip;]\" \/>\n<meta property=\"og:url\" content=\"https:\/\/sonsolesjimenezabogada.com\/eu\/\" \/>\n<meta property=\"og:site_name\" content=\"Sonsoles Jim\u00e9nez D\u00edaz\" \/>\n<meta property=\"article:modified_time\" content=\"2023-11-02T09:11:34+00:00\" \/>\n<meta property=\"og:image\" content=\"https:\/\/sonsolesjimenezabogada.com\/wp-content\/uploads\/2023\/09\/icono.png\" \/>\n\t<meta property=\"og:image:width\" content=\"500\" \/>\n\t<meta property=\"og:image:height\" content=\"500\" \/>\n\t<meta property=\"og:image:type\" content=\"image\/png\" \/>\n<meta name=\"twitter:card\" content=\"summary_large_image\" \/>\n<meta name=\"twitter:label1\" content=\"Est. reading time\" \/>\n\t<meta name=\"twitter:data1\" content=\"1 minutua\" \/>\n<script type=\"application\/ld+json\" class=\"yoast-schema-graph\">{\"@context\":\"https:\\\/\\\/schema.org\",\"@graph\":[{\"@type\":\"WebPage\",\"@id\":\"https:\\\/\\\/sonsolesjimenezabogada.com\\\/\",\"url\":\"https:\\\/\\\/sonsolesjimenezabogada.com\\\/\",\"name\":\"Inicio - Sonsoles Jim\u00e9nez D\u00edaz\",\"isPartOf\":{\"@id\":\"https:\\\/\\\/sonsolesjimenezabogada.com\\\/#website\"},\"primaryImageOfPage\":{\"@id\":\"https:\\\/\\\/sonsolesjimenezabogada.com\\\/#primaryimage\"},\"image\":{\"@id\":\"https:\\\/\\\/sonsolesjimenezabogada.com\\\/#primaryimage\"},\"thumbnailUrl\":\"https:\\\/\\\/sonsolesjimenezabogada.com\\\/wp-content\\\/uploads\\\/2023\\\/09\\\/icono.png\",\"datePublished\":\"2023-09-25T07:25:03+00:00\",\"dateModified\":\"2023-11-02T09:11:34+00:00\",\"breadcrumb\":{\"@id\":\"https:\\\/\\\/sonsolesjimenezabogada.com\\\/#breadcrumb\"},\"inLanguage\":\"eu\",\"potentialAction\":[{\"@type\":\"ReadAction\",\"target\":[\"https:\\\/\\\/sonsolesjimenezabogada.com\\\/\"]}]},{\"@type\":\"ImageObject\",\"inLanguage\":\"eu\",\"@id\":\"https:\\\/\\\/sonsolesjimenezabogada.com\\\/#primaryimage\",\"url\":\"https:\\\/\\\/sonsolesjimenezabogada.com\\\/wp-content\\\/uploads\\\/2023\\\/09\\\/icono.png\",\"contentUrl\":\"https:\\\/\\\/sonsolesjimenezabogada.com\\\/wp-content\\\/uploads\\\/2023\\\/09\\\/icono.png\",\"width\":500,\"height\":500},{\"@type\":\"BreadcrumbList\",\"@id\":\"https:\\\/\\\/sonsolesjimenezabogada.com\\\/#breadcrumb\",\"itemListElement\":[{\"@type\":\"ListItem\",\"position\":1,\"name\":\"Portada\",\"item\":\"https:\\\/\\\/sonsolesjimenezabogada.com\\\/\"},{\"@type\":\"ListItem\",\"position\":2,\"name\":\"Inicio\"}]},{\"@type\":\"WebSite\",\"@id\":\"https:\\\/\\\/sonsolesjimenezabogada.com\\\/#website\",\"url\":\"https:\\\/\\\/sonsolesjimenezabogada.com\\\/\",\"name\":\"Sonsoles Jim\u00e9nez D\u00edaz\",\"description\":\"M\u00e1s de 30 a\u00f1os de experiencia en asesoramiento, tramites judiciales y administrativos en asuntos de familia, herencias, arrendamientos, penal, penal menores, violencia de genero y m\u00e1s.\",\"publisher\":{\"@id\":\"https:\\\/\\\/sonsolesjimenezabogada.com\\\/#organization\"},\"potentialAction\":[{\"@type\":\"SearchAction\",\"target\":{\"@type\":\"EntryPoint\",\"urlTemplate\":\"https:\\\/\\\/sonsolesjimenezabogada.com\\\/?s={search_term_string}\"},\"query-input\":{\"@type\":\"PropertyValueSpecification\",\"valueRequired\":true,\"valueName\":\"search_term_string\"}}],\"inLanguage\":\"eu\"},{\"@type\":\"Organization\",\"@id\":\"https:\\\/\\\/sonsolesjimenezabogada.com\\\/#organization\",\"name\":\"Sonsoles Jim\u00e9nez D\u00edaz\",\"url\":\"https:\\\/\\\/sonsolesjimenezabogada.com\\\/\",\"logo\":{\"@type\":\"ImageObject\",\"inLanguage\":\"eu\",\"@id\":\"https:\\\/\\\/sonsolesjimenezabogada.com\\\/#\\\/schema\\\/logo\\\/image\\\/\",\"url\":\"https:\\\/\\\/sonsolesjimenezabogada.com\\\/wp-content\\\/uploads\\\/2023\\\/09\\\/Logo.png\",\"contentUrl\":\"https:\\\/\\\/sonsolesjimenezabogada.com\\\/wp-content\\\/uploads\\\/2023\\\/09\\\/Logo.png\",\"width\":500,\"height\":500,\"caption\":\"Sonsoles Jim\u00e9nez D\u00edaz\"},\"image\":{\"@id\":\"https:\\\/\\\/sonsolesjimenezabogada.com\\\/#\\\/schema\\\/logo\\\/image\\\/\"}}]}<\/script>\n<!-- \/ Yoast SEO plugin. -->","yoast_head_json":{"title":"Inicio - Sonsoles Jim\u00e9nez D\u00edaz","robots":{"index":"index","follow":"follow","max-snippet":"max-snippet:-1","max-image-preview":"max-image-preview:large","max-video-preview":"max-video-preview:-1"},"canonical":"https:\/\/sonsolesjimenezabogada.com\/eu\/","og_locale":"en_US","og_type":"article","og_title":"Inicio - Sonsoles Jim\u00e9nez D\u00edaz","og_description":"Abogada con experiencia Horario de apertura Lunes &#8211; Jueves 9:00 &#8211; 14:00 17:00 &#8211; 19:30 Viernes 9:00 &#8211; 14:00 Sobre mi Sonsoles Jim\u00e9nez D\u00edaz , Abogada colegiada 3430 del Colegio de la Abogac\u00eda de Bizkaia. Miembro de la AEAFA (Asociaci\u00f3n Espa\u00f1ola de Abogados de Familia) Presto servicios legales principalmente en la comunidad de Pa\u00eds Vasco, [&hellip;]","og_url":"https:\/\/sonsolesjimenezabogada.com\/eu\/","og_site_name":"Sonsoles Jim\u00e9nez D\u00edaz","article_modified_time":"2023-11-02T09:11:34+00:00","og_image":[{"width":500,"height":500,"url":"https:\/\/sonsolesjimenezabogada.com\/wp-content\/uploads\/2023\/09\/icono.png","type":"image\/png"}],"twitter_card":"summary_large_image","twitter_misc":{"Est. reading time":"1 minutua"},"schema":{"@context":"https:\/\/schema.org","@graph":[{"@type":"WebPage","@id":"https:\/\/sonsolesjimenezabogada.com\/","url":"https:\/\/sonsolesjimenezabogada.com\/","name":"Inicio - Sonsoles Jim\u00e9nez D\u00edaz","isPartOf":{"@id":"https:\/\/sonsolesjimenezabogada.com\/#website"},"primaryImageOfPage":{"@id":"https:\/\/sonsolesjimenezabogada.com\/#primaryimage"},"image":{"@id":"https:\/\/sonsolesjimenezabogada.com\/#primaryimage"},"thumbnailUrl":"https:\/\/sonsolesjimenezabogada.com\/wp-content\/uploads\/2023\/09\/icono.png","datePublished":"2023-09-25T07:25:03+00:00","dateModified":"2023-11-02T09:11:34+00:00","breadcrumb":{"@id":"https:\/\/sonsolesjimenezabogada.com\/#breadcrumb"},"inLanguage":"eu","potentialAction":[{"@type":"ReadAction","target":["https:\/\/sonsolesjimenezabogada.com\/"]}]},{"@type":"ImageObject","inLanguage":"eu","@id":"https:\/\/sonsolesjimenezabogada.com\/#primaryimage","url":"https:\/\/sonsolesjimenezabogada.com\/wp-content\/uploads\/2023\/09\/icono.png","contentUrl":"https:\/\/sonsolesjimenezabogada.com\/wp-content\/uploads\/2023\/09\/icono.png","width":500,"height":500},{"@type":"BreadcrumbList","@id":"https:\/\/sonsolesjimenezabogada.com\/#breadcrumb","itemListElement":[{"@type":"ListItem","position":1,"name":"Portada","item":"https:\/\/sonsolesjimenezabogada.com\/"},{"@type":"ListItem","position":2,"name":"Inicio"}]},{"@type":"WebSite","@id":"https:\/\/sonsolesjimenezabogada.com\/#website","url":"https:\/\/sonsolesjimenezabogada.com\/","name":"Sonsoles Jim\u00e9nez D\u00edaz","description":"M\u00e1s de 30 a\u00f1os de experiencia en asesoramiento, tramites judiciales y administrativos en asuntos de familia, herencias, arrendamientos, penal, penal menores, violencia de genero y m\u00e1s.","publisher":{"@id":"https:\/\/sonsolesjimenezabogada.com\/#organization"},"potentialAction":[{"@type":"SearchAction","target":{"@type":"EntryPoint","urlTemplate":"https:\/\/sonsolesjimenezabogada.com\/?s={search_term_string}"},"query-input":{"@type":"PropertyValueSpecification","valueRequired":true,"valueName":"search_term_string"}}],"inLanguage":"eu"},{"@type":"Organization","@id":"https:\/\/sonsolesjimenezabogada.com\/#organization","name":"Sonsoles Jim\u00e9nez D\u00edaz","url":"https:\/\/sonsolesjimenezabogada.com\/","logo":{"@type":"ImageObject","inLanguage":"eu","@id":"https:\/\/sonsolesjimenezabogada.com\/#\/schema\/logo\/image\/","url":"https:\/\/sonsolesjimenezabogada.com\/wp-content\/uploads\/2023\/09\/Logo.png","contentUrl":"https:\/\/sonsolesjimenezabogada.com\/wp-content\/uploads\/2023\/09\/Logo.png","width":500,"height":500,"caption":"Sonsoles Jim\u00e9nez D\u00edaz"},"image":{"@id":"https:\/\/sonsolesjimenezabogada.com\/#\/schema\/logo\/image\/"}}]}},"_links":{"self":[{"href":"https:\/\/sonsolesjimenezabogada.com\/eu\/wp-json\/wp\/v2\/pages\/2","targetHints":{"allow":["GET"]}}],"collection":[{"href":"https:\/\/sonsolesjimenezabogada.com\/eu\/wp-json\/wp\/v2\/pages"}],"about":[{"href":"https:\/\/sonsolesjimenezabogada.com\/eu\/wp-json\/wp\/v2\/types\/page"}],"author":[{"embeddable":true,"href":"https:\/\/sonsolesjimenezabogada.com\/eu\/wp-json\/wp\/v2\/users\/1"}],"replies":[{"embeddable":true,"href":"https:\/\/sonsolesjimenezabogada.com\/eu\/wp-json\/wp\/v2\/comments?post=2"}],"version-history":[{"count":134,"href":"https:\/\/sonsolesjimenezabogada.com\/eu\/wp-json\/wp\/v2\/pages\/2\/revisions"}],"predecessor-version":[{"id":893,"href":"https:\/\/sonsolesjimenezabogada.com\/eu\/wp-json\/wp\/v2\/pages\/2\/revisions\/893"}],"wp:featuredmedia":[{"embeddable":true,"href":"https:\/\/sonsolesjimenezabogada.com\/eu\/wp-json\/wp\/v2\/media\/28"}],"wp:attachment":[{"href":"https:\/\/sonsolesjimenezabogada.com\/eu\/wp-json\/wp\/v2\/media?parent=2"}],"curies":[{"name":"wp","href":"https:\/\/api.w.org\/{rel}","templated":true}]}}